{"id":18071,"date":"2024-12-10T10:20:28","date_gmt":"2024-12-10T09:20:28","guid":{"rendered":"https:\/\/info.tradera.com\/tradera-godkendt\/"},"modified":"2024-12-10T10:30:18","modified_gmt":"2024-12-10T09:30:18","slug":"authenticated","status":"publish","type":"page","link":"https:\/\/info.tradera.com\/da\/authenticated\/","title":{"rendered":"Tradera Authenticated"},"content":{"rendered":"\t\t<div data-elementor-type=\"wp-page\" data-elementor-id=\"18071\" class=\"elementor elementor-18071 elementor-18051\" data-elementor-post-type=\"page\">\n\t\t\t\t<div class=\"elementor-element elementor-element-60a4347 e-flex e-con-boxed e-con e-parent\" data-id=\"60a4347\" data-element_type=\"container\" data-e-type=\"container\">\n\t\t\t\t\t<div class=\"e-con-inner\">\n\t\t\t\t<div class=\"elementor-element elementor-element-9e9e65c elementor-widget elementor-widget-text-editor\" data-id=\"9e9e65c\" data-element_type=\"widget\" data-e-type=\"widget\" data-widget_type=\"text-editor.default\">\n\t\t\t\t<div class=\"elementor-widget-container\">\n\t\t\t\t\t\t\t\t\t<p>Med Traderas autentificeringsservice kan du shoppe luksusprodukter med fuldst\u00e6ndig ro i sindet. Annoncer for t\u00f8j, sko og tilbeh\u00f8r gennemg\u00e5s omhyggeligt af vores kvalificerede eksperter for at sikre \u00e6gthed. Tradera Authenticated &#8211; sikker og tryg shopping af luksusprodukter!  <\/p>\n\t\t\t\t\t\t\t\t<\/div>\n\t\t\t\t<\/div>\n\t\t\t\t<div class=\"elementor-element elementor-element-a5e416c elementor-widget elementor-widget-video\" data-id=\"a5e416c\" data-element_type=\"widget\" data-e-type=\"widget\" data-settings=\"{&quot;youtube_url&quot;:&quot;https:\\\/\\\/www.youtube.com\\\/watch?v=yTZFavkqlqY&quot;,&quot;lazy_load&quot;:&quot;yes&quot;,&quot;video_type&quot;:&quot;youtube&quot;,&quot;controls&quot;:&quot;yes&quot;}\" data-widget_type=\"video.default\">\n\t\t\t\t<div class=\"elementor-widget-container\">\n\t\t\t\t\t\t\t<div class=\"elementor-wrapper elementor-open-inline\">\n\t\t\t<div class=\"elementor-video\"><\/div>\t\t<\/div>\n\t\t\t\t\t\t<\/div>\n\t\t\t\t<\/div>\n\t\t\t\t\t<\/div>\n\t\t\t\t<\/div>\n\t\t<div class=\"elementor-element elementor-element-fa44b69 e-flex e-con-boxed e-con e-parent\" data-id=\"fa44b69\" data-element_type=\"container\" data-e-type=\"container\">\n\t\t\t\t\t<div class=\"e-con-inner\">\n\t\t<div class=\"elementor-element elementor-element-1c7f434 e-con-full e-flex e-con e-child\" data-id=\"1c7f434\" data-element_type=\"container\" data-e-type=\"container\">\n\t\t\t\t<div class=\"elementor-element elementor-element-bc82505 elementor-widget elementor-widget-text-editor\" data-id=\"bc82505\" data-element_type=\"widget\" data-e-type=\"widget\" data-widget_type=\"text-editor.default\">\n\t\t\t\t<div class=\"elementor-widget-container\">\n\t\t\t\t\t\t\t\t\t<h2>Trygt og sikkert<\/h2>\n<p>Det kan v\u00e6re sv\u00e6rt og usikkert at k\u00f8be brugte luksusvarer. Med vores autentificeringstjeneste er det mere sikkert end nogensinde. Hos os gennemg\u00e5r luksusprodukter fra udvalgte t\u00f8j-, fodt\u00f8js- og tilbeh\u00f8rsm\u00e6rker en streng digital \u00e6gthedskontrol efter offentligg\u00f8relse. Dette sikrer, at alle gennemg\u00e5ede og godkendte luksusprodukter opfylder vores strenge krav til \u00e6gthed.     <\/p>\n\t\t\t\t\t\t\t\t<\/div>\n\t\t\t\t<\/div>\n\t\t\t\t<\/div>\n\t\t<div class=\"elementor-element elementor-element-2df619f e-con-full e-flex e-con e-child\" data-id=\"2df619f\" data-element_type=\"container\" data-e-type=\"container\">\n\t\t\t\t<div class=\"elementor-element elementor-element-5bf82bf elementor-widget elementor-widget-image\" data-id=\"5bf82bf\" data-element_type=\"widget\" data-e-type=\"widget\" data-widget_type=\"image.default\">\n\t\t\t\t<div class=\"elementor-widget-container\">\n\t\t\t\t\t\t\t\t\t\t\t\t\t\t\t<img fetchpriority=\"high\" decoding=\"async\" width=\"960\" height=\"540\" src=\"data:image\/svg+xml;charset=utf-8,%3Csvg xmlns%3D'http%3A%2F%2Fwww.w3.org%2F2000%2Fsvg' viewBox%3D'0 0 960 540'%2F%3E\" data-src=\"https:\/\/info.tradera.com\/wp-content\/uploads\/2024\/12\/authenticated-press.jpg\" class=\"lazy-load attachment-large size-large wp-image-18053\" alt=\"\" data-srcset=\"https:\/\/info.tradera.com\/wp-content\/uploads\/2024\/12\/authenticated-press.jpg 960w, https:\/\/info.tradera.com\/wp-content\/uploads\/2024\/12\/authenticated-press-300x169.jpg 300w, https:\/\/info.tradera.com\/wp-content\/uploads\/2024\/12\/authenticated-press-768x432.jpg 768w\" sizes=\"(max-width: 960px) 100vw, 960px\" \/>\t\t\t\t\t\t\t\t\t\t\t\t\t\t\t<\/div>\n\t\t\t\t<\/div>\n\t\t\t\t<\/div>\n\t\t\t\t\t<\/div>\n\t\t\t\t<\/div>\n\t\t<div class=\"elementor-element elementor-element-88bcb14 e-flex e-con-boxed e-con e-parent\" data-id=\"88bcb14\" data-element_type=\"container\" data-e-type=\"container\">\n\t\t\t\t\t<div class=\"e-con-inner\">\n\t\t<div class=\"elementor-element elementor-element-38dcad4 e-con-full e-flex e-con e-child\" data-id=\"38dcad4\" data-element_type=\"container\" data-e-type=\"container\">\n\t\t\t\t<div class=\"elementor-element elementor-element-18c3d15 elementor-widget elementor-widget-text-editor\" data-id=\"18c3d15\" data-element_type=\"widget\" data-e-type=\"widget\" data-widget_type=\"text-editor.default\">\n\t\t\t\t<div class=\"elementor-widget-container\">\n\t\t\t\t\t\t\t\t\t<h2>Hvad betyder Authenticated?<\/h2>\n<p>Produkter, der har gennemg\u00e5et og best\u00e5et vores digitale \u00e6gthedstjek, m\u00e6rkes med et \u00e6gthedsstempel. For at give dig yderligere ro i sindet er alle godkendte produkter d\u00e6kket af vores K\u00f8berbeskyttelse med \u00e6gthedsgaranti. Det betyder, at du f\u00e5r fuld refusion i det usandsynlige tilf\u00e6lde, at produktet viser sig at v\u00e6re falsk eller ikke bliver leveret, samt en erstatning, hvis produktets tilstand ikke stemmer overens med beskrivelsen. Servicen er gratis for s\u00e6lgeren, mens k\u00f8beren betaler et gebyr p\u00e5 \u20ac5 plus 5% af k\u00f8bsprisen (maks. \u20ac750) for k\u00f8berbeskyttelse med \u00e6gthedsgaranti.   <\/p>\n\t\t\t\t\t\t\t\t<\/div>\n\t\t\t\t<\/div>\n\t\t\t\t<\/div>\n\t\t<div class=\"elementor-element elementor-element-02eefc4 e-con-full e-flex e-con e-child\" data-id=\"02eefc4\" data-element_type=\"container\" data-e-type=\"container\">\n\t\t\t\t<div class=\"elementor-element elementor-element-17183a1 elementor-widget elementor-widget-image\" data-id=\"17183a1\" data-element_type=\"widget\" data-e-type=\"widget\" data-widget_type=\"image.default\">\n\t\t\t\t<div class=\"elementor-widget-container\">\n\t\t\t\t\t\t\t\t\t\t\t\t\t\t\t<img decoding=\"async\" width=\"960\" height=\"540\" src=\"data:image\/svg+xml;charset=utf-8,%3Csvg xmlns%3D'http%3A%2F%2Fwww.w3.org%2F2000%2Fsvg' viewBox%3D'0 0 960 540'%2F%3E\" data-src=\"https:\/\/info.tradera.com\/wp-content\/uploads\/2024\/12\/ta-1920x1080-stamp-1.png\" class=\"lazy-load attachment-large size-large wp-image-18056\" alt=\"\" data-srcset=\"https:\/\/info.tradera.com\/wp-content\/uploads\/2024\/12\/ta-1920x1080-stamp-1.png 960w, https:\/\/info.tradera.com\/wp-content\/uploads\/2024\/12\/ta-1920x1080-stamp-1-300x169.png 300w, https:\/\/info.tradera.com\/wp-content\/uploads\/2024\/12\/ta-1920x1080-stamp-1-768x432.png 768w\" sizes=\"(max-width: 960px) 100vw, 960px\" \/>\t\t\t\t\t\t\t\t\t\t\t\t\t\t\t<\/div>\n\t\t\t\t<\/div>\n\t\t\t\t<\/div>\n\t\t\t\t\t<\/div>\n\t\t\t\t<\/div>\n\t\t<div class=\"elementor-element elementor-element-acb614b e-flex e-con-boxed e-con e-parent\" data-id=\"acb614b\" data-element_type=\"container\" data-e-type=\"container\">\n\t\t\t\t\t<div class=\"e-con-inner\">\n\t\t<div class=\"elementor-element elementor-element-e04d356 e-con-full e-flex e-con e-child\" data-id=\"e04d356\" data-element_type=\"container\" data-e-type=\"container\">\n\t\t\t\t<div class=\"elementor-element elementor-element-91357bb elementor-widget elementor-widget-text-editor\" data-id=\"91357bb\" data-element_type=\"widget\" data-e-type=\"widget\" data-widget_type=\"text-editor.default\">\n\t\t\t\t<div class=\"elementor-widget-container\">\n\t\t\t\t\t\t\t\t\t<h2>Hvordan er kontrollen organiseret?  <\/h2>\n<p>N\u00e5r en annonce er lagt op p\u00e5 Tradera, bliver den gennemg\u00e5et digitalt af vores eksperter for at bekr\u00e6fte dens \u00e6gthed. Hver eneste detalje bliver n\u00f8je gennemg\u00e5et for at sikre produktets \u00e6gthed, lige fra kvitteringer, materialer og logoer til serienumre, indgraveringer og syninger. N\u00e5r et produkt er godkendt, markeres annoncen med et vandm\u00e6rke, der bekr\u00e6fter dets \u00e6gthed, mens produkter, der ikke opfylder vores krav, fjernes fra platformen.  <\/p>\n\t\t\t\t\t\t\t\t<\/div>\n\t\t\t\t<\/div>\n\t\t\t\t<\/div>\n\t\t<div class=\"elementor-element elementor-element-ebf6bd3 e-con-full e-flex e-con e-child\" data-id=\"ebf6bd3\" data-element_type=\"container\" data-e-type=\"container\">\n\t\t\t\t<div class=\"elementor-element elementor-element-5a23ee4 elementor-widget elementor-widget-image\" data-id=\"5a23ee4\" data-element_type=\"widget\" data-e-type=\"widget\" data-widget_type=\"image.default\">\n\t\t\t\t<div class=\"elementor-widget-container\">\n\t\t\t\t\t\t\t\t\t\t\t\t\t\t\t<img decoding=\"async\" width=\"1024\" height=\"576\" src=\"data:image\/svg+xml;charset=utf-8,%3Csvg xmlns%3D'http%3A%2F%2Fwww.w3.org%2F2000%2Fsvg' viewBox%3D'0 0 1024 576'%2F%3E\" data-src=\"https:\/\/info.tradera.com\/wp-content\/uploads\/2024\/12\/ta-1920x1080-guarantee-1024x576.png\" class=\"lazy-load attachment-large size-large wp-image-18059\" alt=\"\" data-srcset=\"https:\/\/info.tradera.com\/wp-content\/uploads\/2024\/12\/ta-1920x1080-guarantee-1024x576.png 1024w, https:\/\/info.tradera.com\/wp-content\/uploads\/2024\/12\/ta-1920x1080-guarantee-300x169.png 300w, https:\/\/info.tradera.com\/wp-content\/uploads\/2024\/12\/ta-1920x1080-guarantee-768x432.png 768w, https:\/\/info.tradera.com\/wp-content\/uploads\/2024\/12\/ta-1920x1080-guarantee-1536x864.png 1536w, https:\/\/info.tradera.com\/wp-content\/uploads\/2024\/12\/ta-1920x1080-guarantee.png 1920w\" sizes=\"(max-width: 1024px) 100vw, 1024px\" \/>\t\t\t\t\t\t\t\t\t\t\t\t\t\t\t<\/div>\n\t\t\t\t<\/div>\n\t\t\t\t<\/div>\n\t\t\t\t\t<\/div>\n\t\t\t\t<\/div>\n\t\t<div class=\"elementor-element elementor-element-d66b682 e-flex e-con-boxed e-con e-parent\" data-id=\"d66b682\" data-element_type=\"container\" data-e-type=\"container\">\n\t\t\t\t\t<div class=\"e-con-inner\">\n\t\t<div class=\"elementor-element elementor-element-0721ff6 e-con-full e-flex e-con e-child\" data-id=\"0721ff6\" data-element_type=\"container\" data-e-type=\"container\">\n\t\t\t\t<div class=\"elementor-element elementor-element-35690bc elementor-widget elementor-widget-text-editor\" data-id=\"35690bc\" data-element_type=\"widget\" data-e-type=\"widget\" data-widget_type=\"text-editor.default\">\n\t\t\t\t<div class=\"elementor-widget-container\">\n\t\t\t\t\t\t\t\t\t<h3>For dig som s\u00e6lger<\/h3>\n<p>Som s\u00e6lger opretter du annoncer, som du plejer. N\u00e5r du opretter en annonce, er det tydeligt, hvad du skal angive, for at varen kan godkendes. N\u00e5r annoncen er offentliggjort, foretager Traderas brandeksperter en digital gennemgang for at bekr\u00e6fte \u00e6gtheden. N\u00e5r produktet er bekr\u00e6ftet som \u00e6gte, markeres annoncen med et \u00e6gthedsstempel. Hvis vi ikke kan bekr\u00e6fte \u00e6gtheden, vil vores eksperter bede dig om at f\u00e6rdigg\u00f8re din annonce. Mens vi venter p\u00e5 f\u00e6rdigg\u00f8relsen, vil annoncen v\u00e6re skjult for andre brugere, og hvis \u00e6gtheden ikke kan bekr\u00e6ftes, vil annoncen blive fjernet fra platformen. Tjenesten koster ikke noget ekstra for dig som s\u00e6lger, mens verificerede produkter giver k\u00f8berne \u00f8get sikkerhed og forbedrer dine chancer for at f\u00e5 din vare solgt!      <\/p>\n\t\t\t\t\t\t\t\t<\/div>\n\t\t\t\t<\/div>\n\t\t\t\t<\/div>\n\t\t<div class=\"elementor-element elementor-element-e7f519a e-con-full e-flex e-con e-child\" data-id=\"e7f519a\" data-element_type=\"container\" data-e-type=\"container\">\n\t\t\t\t<div class=\"elementor-element elementor-element-5b6a1d1 elementor-widget elementor-widget-image\" data-id=\"5b6a1d1\" data-element_type=\"widget\" data-e-type=\"widget\" data-widget_type=\"image.default\">\n\t\t\t\t<div class=\"elementor-widget-container\">\n\t\t\t\t\t\t\t\t\t\t\t\t\t\t\t<img loading=\"lazy\" decoding=\"async\" width=\"960\" height=\"540\" src=\"data:image\/svg+xml;charset=utf-8,%3Csvg xmlns%3D'http%3A%2F%2Fwww.w3.org%2F2000%2Fsvg' viewBox%3D'0 0 960 540'%2F%3E\" data-src=\"https:\/\/info.tradera.com\/wp-content\/uploads\/2024\/12\/ta-1920x1080-nyannons-1.png\" class=\"lazy-load attachment-large size-large wp-image-18062\" alt=\"\" data-srcset=\"https:\/\/info.tradera.com\/wp-content\/uploads\/2024\/12\/ta-1920x1080-nyannons-1.png 960w, https:\/\/info.tradera.com\/wp-content\/uploads\/2024\/12\/ta-1920x1080-nyannons-1-300x169.png 300w, https:\/\/info.tradera.com\/wp-content\/uploads\/2024\/12\/ta-1920x1080-nyannons-1-768x432.png 768w\" sizes=\"(max-width: 960px) 100vw, 960px\" \/>\t\t\t\t\t\t\t\t\t\t\t\t\t\t\t<\/div>\n\t\t\t\t<\/div>\n\t\t\t\t<\/div>\n\t\t\t\t\t<\/div>\n\t\t\t\t<\/div>\n\t\t<div class=\"elementor-element elementor-element-5ca7ee0 e-flex e-con-boxed e-con e-parent\" data-id=\"5ca7ee0\" data-element_type=\"container\" data-e-type=\"container\">\n\t\t\t\t\t<div class=\"e-con-inner\">\n\t\t\t\t<div class=\"elementor-element elementor-element-3f430e8 elementor-widget__width-auto elementor-mobile-align-center elementor-widget-mobile__width-inherit elementor-align-center elementor-widget elementor-widget-the7_button_widget\" data-id=\"3f430e8\" data-element_type=\"widget\" data-e-type=\"widget\" data-widget_type=\"the7_button_widget.default\">\n\t\t\t\t<div class=\"elementor-widget-container\">\n\t\t\t\t\t<div class=\"elementor-button-wrapper\"><a href=\"https:\/\/www.tradera.com\/selling\/new\" class=\"box-button elementor-button elementor-size-lg\">Opret annonce<\/a><\/div>\t\t\t\t<\/div>\n\t\t\t\t<\/div>\n\t\t\t\t\t<\/div>\n\t\t\t\t<\/div>\n\t\t<div class=\"elementor-element elementor-element-41fc755 e-flex e-con-boxed e-con e-parent\" data-id=\"41fc755\" data-element_type=\"container\" data-e-type=\"container\">\n\t\t\t\t\t<div class=\"e-con-inner\">\n\t\t\t\t<div class=\"elementor-element elementor-element-367ffe5 elementor-widget elementor-widget-spacer\" data-id=\"367ffe5\" data-element_type=\"widget\" data-e-type=\"widget\" data-widget_type=\"spacer.default\">\n\t\t\t\t<div class=\"elementor-widget-container\">\n\t\t\t\t\t\t\t<div class=\"elementor-spacer\">\n\t\t\t<div class=\"elementor-spacer-inner\"><\/div>\n\t\t<\/div>\n\t\t\t\t\t\t<\/div>\n\t\t\t\t<\/div>\n\t\t\t\t\t<\/div>\n\t\t\t\t<\/div>\n\t\t\t\t<\/div>\n\t\t","protected":false},"excerpt":{"rendered":"<p>Med Traderas autentificeringsservice kan du shoppe luksusprodukter med fuldst\u00e6ndig ro i sindet. Annoncer for t\u00f8j, sko og tilbeh\u00f8r gennemg\u00e5s omhyggeligt af vores kvalificerede eksperter for at sikre \u00e6gthed. Tradera Authenticated &#8211; sikker og tryg shopping af luksusprodukter! Trygt og sikkert Det kan v\u00e6re sv\u00e6rt og usikkert at k\u00f8be brugte luksusvarer. Med vores autentificeringstjeneste er det&hellip;<\/p>\n","protected":false},"author":1,"featured_media":0,"parent":0,"menu_order":0,"comment_status":"closed","ping_status":"closed","template":"","meta":{"footnotes":""},"class_list":["post-18071","page","type-page","status-publish","hentry"],"yoast_head":"<!-- This site is optimized with the Yoast SEO plugin v27.5 - https:\/\/yoast.com\/product\/yoast-seo-wordpress\/ -->\n<title>Tradera Authenticated - Tradera<\/title>\n<meta name=\"robots\" content=\"index, follow, max-snippet:-1, max-image-preview:large, max-video-preview:-1\" \/>\n<link rel=\"canonical\" href=\"https:\/\/info.tradera.com\/da\/authenticated\/\" \/>\n<meta property=\"og:locale\" content=\"da_DK\" \/>\n<meta property=\"og:type\" content=\"article\" \/>\n<meta property=\"og:title\" content=\"Tradera Authenticated - Tradera\" \/>\n<meta property=\"og:description\" content=\"Med Traderas autentificeringsservice kan du shoppe luksusprodukter med fuldst\u00e6ndig ro i sindet. Annoncer for t\u00f8j, sko og tilbeh\u00f8r gennemg\u00e5s omhyggeligt af vores kvalificerede eksperter for at sikre \u00e6gthed. Tradera Authenticated &#8211; sikker og tryg shopping af luksusprodukter! Trygt og sikkert Det kan v\u00e6re sv\u00e6rt og usikkert at k\u00f8be brugte luksusvarer. Med vores autentificeringstjeneste er det&hellip;\" \/>\n<meta property=\"og:url\" content=\"https:\/\/info.tradera.com\/da\/authenticated\/\" \/>\n<meta property=\"og:site_name\" content=\"Tradera\" \/>\n<meta property=\"article:publisher\" content=\"https:\/\/www.facebook.com\/Tradera\" \/>\n<meta property=\"article:modified_time\" content=\"2024-12-10T09:30:18+00:00\" \/>\n<meta property=\"og:image\" content=\"https:\/\/info.tradera.com\/wp-content\/uploads\/2024\/09\/eqotime-x-tradera-kop-och-salj-5.jpg\" \/>\n\t<meta property=\"og:image:width\" content=\"2048\" \/>\n\t<meta property=\"og:image:height\" content=\"2048\" \/>\n\t<meta property=\"og:image:type\" content=\"image\/jpeg\" \/>\n<meta name=\"twitter:card\" content=\"summary_large_image\" \/>\n<meta name=\"twitter:site\" content=\"@tradera\" \/>\n<script type=\"application\/ld+json\" class=\"yoast-schema-graph\">{\"@context\":\"https:\\\/\\\/schema.org\",\"@graph\":[{\"@type\":\"WebPage\",\"@id\":\"https:\\\/\\\/info.tradera.com\\\/da\\\/authenticated\\\/\",\"url\":\"https:\\\/\\\/info.tradera.com\\\/da\\\/authenticated\\\/\",\"name\":\"Tradera Authenticated - Tradera\",\"isPartOf\":{\"@id\":\"https:\\\/\\\/info.tradera.com\\\/da\\\/#website\"},\"datePublished\":\"2024-12-10T09:20:28+00:00\",\"dateModified\":\"2024-12-10T09:30:18+00:00\",\"breadcrumb\":{\"@id\":\"https:\\\/\\\/info.tradera.com\\\/da\\\/authenticated\\\/#breadcrumb\"},\"inLanguage\":\"da-DK\",\"potentialAction\":[{\"@type\":\"ReadAction\",\"target\":[\"https:\\\/\\\/info.tradera.com\\\/da\\\/authenticated\\\/\"]}]},{\"@type\":\"BreadcrumbList\",\"@id\":\"https:\\\/\\\/info.tradera.com\\\/da\\\/authenticated\\\/#breadcrumb\",\"itemListElement\":[{\"@type\":\"ListItem\",\"position\":1,\"name\":\"Hem\",\"item\":\"https:\\\/\\\/info.tradera.com\\\/da\\\/shop-for-dig-som-privat-saelger\\\/\"},{\"@type\":\"ListItem\",\"position\":2,\"name\":\"Tradera Authenticated\"}]},{\"@type\":\"WebSite\",\"@id\":\"https:\\\/\\\/info.tradera.com\\\/da\\\/#website\",\"url\":\"https:\\\/\\\/info.tradera.com\\\/da\\\/\",\"name\":\"Tradera info\",\"description\":\"Sveriges st\u00f8rste cirkul\u00e6re marked\",\"publisher\":{\"@id\":\"https:\\\/\\\/info.tradera.com\\\/da\\\/#organization\"},\"potentialAction\":[{\"@type\":\"SearchAction\",\"target\":{\"@type\":\"EntryPoint\",\"urlTemplate\":\"https:\\\/\\\/info.tradera.com\\\/da\\\/?s={search_term_string}\"},\"query-input\":{\"@type\":\"PropertyValueSpecification\",\"valueRequired\":true,\"valueName\":\"search_term_string\"}}],\"inLanguage\":\"da-DK\"},{\"@type\":\"Organization\",\"@id\":\"https:\\\/\\\/info.tradera.com\\\/da\\\/#organization\",\"name\":\"Tradera\",\"url\":\"https:\\\/\\\/info.tradera.com\\\/da\\\/\",\"logo\":{\"@type\":\"ImageObject\",\"inLanguage\":\"da-DK\",\"@id\":\"https:\\\/\\\/info.tradera.com\\\/da\\\/#\\\/schema\\\/logo\\\/image\\\/\",\"url\":\"https:\\\/\\\/info.tradera.com\\\/wp-content\\\/uploads\\\/2021\\\/09\\\/tradera-logo.webp\",\"contentUrl\":\"https:\\\/\\\/info.tradera.com\\\/wp-content\\\/uploads\\\/2021\\\/09\\\/tradera-logo.webp\",\"width\":395,\"height\":70,\"caption\":\"Tradera\"},\"image\":{\"@id\":\"https:\\\/\\\/info.tradera.com\\\/da\\\/#\\\/schema\\\/logo\\\/image\\\/\"},\"sameAs\":[\"https:\\\/\\\/www.facebook.com\\\/Tradera\",\"https:\\\/\\\/x.com\\\/tradera\",\"https:\\\/\\\/www.instagram.com\\\/tradera\\\/\",\"https:\\\/\\\/www.pinterest.se\\\/tradera\\\/\"]}]}<\/script>\n<!-- \/ Yoast SEO plugin. -->","yoast_head_json":{"title":"Tradera Authenticated - Tradera","robots":{"index":"index","follow":"follow","max-snippet":"max-snippet:-1","max-image-preview":"max-image-preview:large","max-video-preview":"max-video-preview:-1"},"canonical":"https:\/\/info.tradera.com\/da\/authenticated\/","og_locale":"da_DK","og_type":"article","og_title":"Tradera Authenticated - Tradera","og_description":"Med Traderas autentificeringsservice kan du shoppe luksusprodukter med fuldst\u00e6ndig ro i sindet. Annoncer for t\u00f8j, sko og tilbeh\u00f8r gennemg\u00e5s omhyggeligt af vores kvalificerede eksperter for at sikre \u00e6gthed. Tradera Authenticated &#8211; sikker og tryg shopping af luksusprodukter! Trygt og sikkert Det kan v\u00e6re sv\u00e6rt og usikkert at k\u00f8be brugte luksusvarer. Med vores autentificeringstjeneste er det&hellip;","og_url":"https:\/\/info.tradera.com\/da\/authenticated\/","og_site_name":"Tradera","article_publisher":"https:\/\/www.facebook.com\/Tradera","article_modified_time":"2024-12-10T09:30:18+00:00","og_image":[{"width":2048,"height":2048,"url":"https:\/\/info.tradera.com\/wp-content\/uploads\/2024\/09\/eqotime-x-tradera-kop-och-salj-5.jpg","type":"image\/jpeg"}],"twitter_card":"summary_large_image","twitter_site":"@tradera","schema":{"@context":"https:\/\/schema.org","@graph":[{"@type":"WebPage","@id":"https:\/\/info.tradera.com\/da\/authenticated\/","url":"https:\/\/info.tradera.com\/da\/authenticated\/","name":"Tradera Authenticated - Tradera","isPartOf":{"@id":"https:\/\/info.tradera.com\/da\/#website"},"datePublished":"2024-12-10T09:20:28+00:00","dateModified":"2024-12-10T09:30:18+00:00","breadcrumb":{"@id":"https:\/\/info.tradera.com\/da\/authenticated\/#breadcrumb"},"inLanguage":"da-DK","potentialAction":[{"@type":"ReadAction","target":["https:\/\/info.tradera.com\/da\/authenticated\/"]}]},{"@type":"BreadcrumbList","@id":"https:\/\/info.tradera.com\/da\/authenticated\/#breadcrumb","itemListElement":[{"@type":"ListItem","position":1,"name":"Hem","item":"https:\/\/info.tradera.com\/da\/shop-for-dig-som-privat-saelger\/"},{"@type":"ListItem","position":2,"name":"Tradera Authenticated"}]},{"@type":"WebSite","@id":"https:\/\/info.tradera.com\/da\/#website","url":"https:\/\/info.tradera.com\/da\/","name":"Tradera info","description":"Sveriges st\u00f8rste cirkul\u00e6re marked","publisher":{"@id":"https:\/\/info.tradera.com\/da\/#organization"},"potentialAction":[{"@type":"SearchAction","target":{"@type":"EntryPoint","urlTemplate":"https:\/\/info.tradera.com\/da\/?s={search_term_string}"},"query-input":{"@type":"PropertyValueSpecification","valueRequired":true,"valueName":"search_term_string"}}],"inLanguage":"da-DK"},{"@type":"Organization","@id":"https:\/\/info.tradera.com\/da\/#organization","name":"Tradera","url":"https:\/\/info.tradera.com\/da\/","logo":{"@type":"ImageObject","inLanguage":"da-DK","@id":"https:\/\/info.tradera.com\/da\/#\/schema\/logo\/image\/","url":"https:\/\/info.tradera.com\/wp-content\/uploads\/2021\/09\/tradera-logo.webp","contentUrl":"https:\/\/info.tradera.com\/wp-content\/uploads\/2021\/09\/tradera-logo.webp","width":395,"height":70,"caption":"Tradera"},"image":{"@id":"https:\/\/info.tradera.com\/da\/#\/schema\/logo\/image\/"},"sameAs":["https:\/\/www.facebook.com\/Tradera","https:\/\/x.com\/tradera","https:\/\/www.instagram.com\/tradera\/","https:\/\/www.pinterest.se\/tradera\/"]}]}},"_links":{"self":[{"href":"https:\/\/info.tradera.com\/da\/wp-json\/wp\/v2\/pages\/18071","targetHints":{"allow":["GET"]}}],"collection":[{"href":"https:\/\/info.tradera.com\/da\/wp-json\/wp\/v2\/pages"}],"about":[{"href":"https:\/\/info.tradera.com\/da\/wp-json\/wp\/v2\/types\/page"}],"author":[{"embeddable":true,"href":"https:\/\/info.tradera.com\/da\/wp-json\/wp\/v2\/users\/1"}],"replies":[{"embeddable":true,"href":"https:\/\/info.tradera.com\/da\/wp-json\/wp\/v2\/comments?post=18071"}],"version-history":[{"count":0,"href":"https:\/\/info.tradera.com\/da\/wp-json\/wp\/v2\/pages\/18071\/revisions"}],"wp:attachment":[{"href":"https:\/\/info.tradera.com\/da\/wp-json\/wp\/v2\/media?parent=18071"}],"curies":[{"name":"wp","href":"https:\/\/api.w.org\/{rel}","templated":true}]}}